
{"id":2,"date":"2014-07-08T12:53:08","date_gmt":"2014-07-08T12:53:08","guid":{"rendered":"http:\/\/www.piano-voix.com\/site\/?page_id=2"},"modified":"2025-09-02T13:01:13","modified_gmt":"2025-09-02T12:01:13","slug":"biographie","status":"publish","type":"page","link":"https:\/\/www.piano-voix.com\/site\/biographie\/","title":{"rendered":"Biographie"},"content":{"rendered":"<div class=\"wp-block-image\">\n<figure class=\"alignright size-full is-resized\"><img loading=\"lazy\" decoding=\"async\" width=\"574\" height=\"800\" src=\"https:\/\/www.piano-voix.com\/site\/wp-content\/uploads\/2024\/10\/portrait.jpg\" alt=\"\" class=\"wp-image-973\" style=\"aspect-ratio:0.75;object-fit:cover;width:306px;height:auto\" srcset=\"https:\/\/www.piano-voix.com\/site\/wp-content\/uploads\/2024\/10\/portrait.jpg 574w, https:\/\/www.piano-voix.com\/site\/wp-content\/uploads\/2024\/10\/portrait-287x400.jpg 287w\" sizes=\"(max-width: 574px) 100vw, 574px\" \/><\/figure><\/div>\n\n\n<h2 class=\"wp-block-heading has-text-align-left has-large-font-size\"><span style=\"text-decoration: underline; color: #000000;\">MA FORMATION<\/span><span style=\"text-decoration: underline;\"><\/span><\/h2>\n\n\n\n<p class=\"has-medium-font-size\"><em><span style=\"color: #000000;\"><i>13 ans de piano classique&nbsp;<\/i><\/span><br><span style=\"color: #000000;\"><i>6 ans de piano jazz&nbsp;<\/i><\/span><br><span style=\"color: #000000;\"><i>10 ans de cours de chant (vari\u00e9t\u00e9,<\/i>&nbsp;<i>jazz et lyrique)<\/i><\/span><\/em><\/p>\n\n\n\n<p class=\"has-small-font-size\">Men\u00e9e en parall\u00e8le de mes \u00e9tudes universitaires (1 an de Mat Sup bio et 3 ans de m\u00e9decine).<\/p>\n\n\n\n<p><\/p>\n\n\n\n<h2 class=\"wp-block-heading has-large-font-size\">MON PARCOURS MUSICAL<\/h2>\n\n\n\n<p class=\"has-small-font-size\">A 17 ans, je me lance dans l\u2019 animation en&nbsp;maisons de retraite,&nbsp;h\u00f4pitaux, et centres de r\u00e9\u00e9ducation (spectacles piano-voix autour de la chanson fran\u00e7aise), puis peu \u00e0 peu multiplie les exp\u00e9riences en&nbsp;piano-bar,&nbsp;clubs de vacances,&nbsp;soir\u00e9es priv\u00e9es, et petites salles provinciales.<\/p>\n\n\n\n<p class=\"has-small-font-size\"><strong>2003<\/strong>:&nbsp;Premier prix du concours national d\u2019 interpr\u00e9tation de la chanson francophone&nbsp;UTOPIA 2003 sur la chanson de J.HIGELIN \u00abje ne peux plus dire je t\u2019aime\u00bb pr\u00e9sent\u00e9e au public \u00e0 l\u2019op\u00e9ra th\u00e9\u00e2tre de Besan\u00e7on.<\/p>\n\n\n\n<p class=\"has-small-font-size\"><strong>2004<\/strong>:&nbsp;Premi\u00e8re partie de Nicoletta&nbsp;\u00e0 Ch\u00e2tel-Guyon (63) \u00e0 l\u2019occasion du 30\u00e8me anniversaire des casinos Partouches.<\/p>\n\n\n\n<p class=\"has-small-font-size\"><strong>2005<\/strong>:&nbsp;\u00ab&nbsp;Avant-concert&nbsp;\u00bb de Juliette Gr\u00e9co&nbsp;\u00e0 l\u2019espace Malraux de Jou\u00e9 les Tours (37).<\/p>\n\n\n\n<p class=\"has-small-font-size\">Ecriture, mise en sc\u00e8ne, et production d\u2019un&nbsp;conte musical pour enfants, (\u00ab Ma\u00e9 veut y Croire \u00bb)<\/p>\n\n\n\n<p class=\"has-small-font-size\"><strong>2005<\/strong>\u2013<strong>2010<\/strong>:&nbsp;Premi\u00e8res parties&nbsp;de l\u2019Olivet Jazz Band&nbsp;et des&nbsp;Rolling Domino&nbsp;au&nbsp;Petit Journal de Montparnasse, \u00e0 Paris (vari\u00e9t\u00e9-jazz).<\/p>\n\n\n\n<p class=\"has-small-font-size\">Cr\u00e9ation et r\u00e9alisation de plusieurs spectacles chanson fran\u00e7aise (&nbsp;\u00ab&nbsp;La bo\u00eete \u00e0 r\u00eaves&nbsp;\u00bb&nbsp;,&nbsp;\u00ab&nbsp;D\u2019un continent \u00e0 l\u2019autre&nbsp;\u00bb&nbsp;\u00ab&nbsp;L\u2019Europe en chanson\u00ab&nbsp;)<\/p>\n\n\n\n<p class=\"has-small-font-size\">Tourn\u00e9e en&nbsp;Suisse Romande,&nbsp;r\u00e9gion parisienne, r\u00e9gion centre Normandie, Bretagne.<\/p>\n\n\n\n<p class=\"has-small-font-size\"><strong>2010-2013:<\/strong>&nbsp;Festival Voix de femmes&nbsp;\u00e0 l\u2019espace Malraux&nbsp;de Jou\u00e9 les Tours (37), concert \u00e0&nbsp;la Pl\u00e9iade&nbsp;(La Riche, 37),&nbsp;Quai des arts&nbsp;de Vibrayes (72), salle&nbsp;O\u00e9sia&nbsp;(37),<\/p>\n\n\n\n<p class=\"has-small-font-size\"><strong>2014<\/strong>:&nbsp;<strong>Premier album \u00ab&nbsp;avant l\u2019aurore&nbsp;\u00bb<\/strong>&nbsp;(sorti chez l\u2019<strong>Autre Distribution<\/strong>, avec le soutien des&nbsp;<strong>Bains Douches de Ligni\u00e8res<\/strong>)<\/p>\n\n\n\n<p class=\"has-small-font-size\"><strong>2014-2016<\/strong>: Une cinquantaine de dates en R\u00e9gion Centre et Parisienne sur ce r\u00e9pertoire de compositions:&nbsp;l\u2019atelier spectacle de Vernouillet (28), les Bains Douches de Ligni\u00e8res (concert hors les murs, 18), L\u2019Angora (Paris 11\u00e8me), Th\u00e9\u00e2tre Darius Milhaud (Paris 19\u00e8me),&nbsp;pub les Jacobins (off du printemps de Bourges), O\u00e9sia (37) (ouverture de la saison 2015), espace culturel d\u2019Avoine (37), la Bo\u00eete \u00e0 Musique (Issoudun, 36).<\/p>\n\n\n\n<p class=\"has-small-font-size\">En parall\u00e8le, concerts de reprises chansons fran\u00e7aise un peu partout en france (milieu hospitalier, saisons estivales, relais chateaux)<\/p>\n\n\n\n<p class=\"has-small-font-size\"><strong>5 septembre 2016<\/strong>:&nbsp;<strong>Nouvel E.P \u00abBlanc Carmin\u00bb<\/strong>, aux sonorit\u00e9s&nbsp;plus rock annoncant&nbsp;les couleurs du&nbsp;prochain album.<\/p>\n\n\n\n<p class=\"has-small-font-size\"><strong>Septembre 2016<\/strong>: Participation aux&nbsp;<strong>Rencontres d\u2019Astaffort<\/strong>&nbsp;sous la supervision de&nbsp;<strong>Francis Cabrel<\/strong>, session parrain\u00e9e par Renan Luce.<\/p>\n\n\n\n<p class=\"has-small-font-size\"><strong>25 mai 2018<\/strong>:&nbsp;<strong>Sortie de l\u2019album \u00ab&nbsp;avant l\u2019aurore&nbsp;\u00bb<\/strong>&nbsp;(chez l\u2019autre distribution, avec le soutien des bains douches de Ligni\u00e8res). 17\u00e8me dans le classement Radio Quota du mois de juin 2018.<\/p>\n\n\n\n<p class=\"has-small-font-size\"><strong>2016-2018<\/strong>:&nbsp;Centre culturel Georges Brassens (Avrill\u00e9, 49), La Fabrique \u00e0 Chanson (partenariat SACEM),&nbsp;festival chanson de Montlu\u00e7on&nbsp;(03),&nbsp;R\u00e9sidence sc\u00e9nique avec Ignatus&nbsp;aux Bains Douches de Ligni\u00e8res (18), festival Avant Travaux (Saint Jean de la Ruelle, 45),&nbsp;Printemps de Bourges 2018&nbsp;(sc\u00e8ne du Cher et sc\u00e8ne du Berry),&nbsp;festival l\u2019Air du Temps&nbsp;(Les Bains Douches de Ligni\u00e8res, 18), festival&nbsp;DARC au Pays&nbsp;(36), festival&nbsp;Des Lyres d\u2019\u00e9t\u00e9&nbsp;\u00e0 Blois (Guiguiette des bords de Loire), ouverture de saison \u00e0 l\u2019Asphod\u00e8le&nbsp;(Le Poin\u00e7onnet, 36),&nbsp;la Passerelle 2&nbsp;(Paris 11e)<\/p>\n\n\n\n<p class=\"has-small-font-size\"><strong>Mai 2018&nbsp;:&nbsp;<\/strong>Sortie de l\u2019album \u00ab<strong>LA TRAVERSEE<\/strong>&nbsp;\u00bb (chez&nbsp;<strong>L\u2019AUTRE DISTRIBUTION<\/strong>, avec le soutien des&nbsp;<strong>BAINS DOUCHES DE LIGNI\u00c8RES<\/strong>). 17\u00e8me dans le&nbsp;<strong>CLASSEMENT QUOTA<\/strong>&nbsp;du mois de juin 2018.<\/p>\n\n\n\n<p class=\"has-small-font-size\"><strong>Automne 2018<\/strong>: tourn\u00e9e dans le sud (Lot et Garonne, Dr\u00f4me, Hautes Alpes)<\/p>\n\n\n\n<p class=\"has-small-font-size\"><strong>2019<\/strong>&nbsp;: Cr\u00e9ation du spectacle \u00ab&nbsp;<strong>Exils<\/strong>&nbsp;\u00bb. Festival femme en Exil \u00e0 Saran (45), Moulin de la vapeur \u00e0 Olivet (45) .&nbsp;<\/p>\n\n\n\n<p class=\"has-small-font-size\"><strong>2020<\/strong>: Cr\u00e9ation du spectacle \u00ab<strong>balade pour Higelin<\/strong>&nbsp;\u00bb avec le collectif \u00ab tomb\u00e9 du ciel \u00bb.<\/p>\n\n\n\n<p class=\"has-small-font-size\"><strong>8 f\u00e9vrier 2020<\/strong>&nbsp;: Balade pour Higelin, festival les Mots d\u2019Hiver \u00e0 Fondettes (37).<\/p>\n\n\n\n<p class=\"has-small-font-size\"><strong>25 ao\u00fbt 2023<\/strong>&nbsp;: Sortie de l\u2019album&nbsp;<strong>\u00abCOUV(R)E FEU&nbsp;\u00bb<\/strong>&nbsp;(chez&nbsp;<strong>EPM MUSIQUE<\/strong>, avec le soutien des&nbsp;<strong>BAINS DOUCHES DE LIGNI\u00c8RES<\/strong>). 10\u00e8me dans le&nbsp;<strong>CLASSEMENT QUOTA<\/strong>&nbsp;du mois de juin 2023.<\/p>\n\n\n\n<p class=\"has-small-font-size\"><strong>Septembre 2023 \u2013 septembre 2025<\/strong>: nombreuses dates en R\u00e9gion Centre, Bretagne, Sud-Est.<\/p>\n\n\n\n<p class=\"has-small-font-size\"><strong>Juin 2024<\/strong>:&nbsp;<strong>Tourn\u00e9e Alliance Fran\u00e7aise au<\/strong>&nbsp;<strong>P\u00c9ROU (Piura, Trujillo et Lima).<\/strong><\/p>\n\n\n\n<p class=\"has-small-font-size\"><strong>Juin 2025: Concert et animation d&rsquo;ateliers chanson \u00e0 Bagdad pour l&rsquo;Institut Fran\u00e7ais.<\/strong><\/p>\n\n\n\n<p><\/p>\n","protected":false},"excerpt":{"rendered":"<p>MA FORMATION 13 ans de piano classique&nbsp;6 ans de piano jazz&nbsp;10 ans de cours de chant (vari\u00e9t\u00e9,&nbsp;jazz et lyrique) Men\u00e9e en parall\u00e8le de mes \u00e9tudes universitaires (1 an de Mat Sup bio et 3 ans&#8230;<\/p>\n<p>\t<a href=\"https:\/\/www.piano-voix.com\/site\/biographie\/\" class=\"more-link\">Read more<\/a><\/p>\n","protected":false},"author":1,"featured_media":0,"parent":0,"menu_order":0,"comment_status":"closed","ping_status":"closed","template":"","meta":{"footnotes":""},"class_list":["post-2","page","type-page","status-publish","hentry"],"_links":{"self":[{"href":"https:\/\/www.piano-voix.com\/site\/wp-json\/wp\/v2\/pages\/2"}],"collection":[{"href":"https:\/\/www.piano-voix.com\/site\/wp-json\/wp\/v2\/pages"}],"about":[{"href":"https:\/\/www.piano-voix.com\/site\/wp-json\/wp\/v2\/types\/page"}],"author":[{"embeddable":true,"href":"https:\/\/www.piano-voix.com\/site\/wp-json\/wp\/v2\/users\/1"}],"replies":[{"embeddable":true,"href":"https:\/\/www.piano-voix.com\/site\/wp-json\/wp\/v2\/comments?post=2"}],"version-history":[{"count":61,"href":"https:\/\/www.piano-voix.com\/site\/wp-json\/wp\/v2\/pages\/2\/revisions"}],"predecessor-version":[{"id":1040,"href":"https:\/\/www.piano-voix.com\/site\/wp-json\/wp\/v2\/pages\/2\/revisions\/1040"}],"wp:attachment":[{"href":"https:\/\/www.piano-voix.com\/site\/wp-json\/wp\/v2\/media?parent=2"}],"curies":[{"name":"wp","href":"https:\/\/api.w.org\/{rel}","templated":true}]}}