
{"id":32,"date":"2014-07-08T23:51:06","date_gmt":"2014-07-08T22:51:06","guid":{"rendered":"http:\/\/www.piano-voix.com\/site\/?page_id=32"},"modified":"2024-10-24T13:06:30","modified_gmt":"2024-10-24T12:06:30","slug":"references","status":"publish","type":"page","link":"https:\/\/www.piano-voix.com\/site\/references\/","title":{"rendered":"References"},"content":{"rendered":"<div>\n<p style=\"text-align: left;\" align=\"center\"><em><span style=\"color: #000000;\">(R\u00e9f\u00e9rences post\u00e9rieures \u00e0 septembre 2017: c&rsquo;est<\/span> <a href=\"https:\/\/www.piano-voix.com\/site\/shows-2\/\"><span style=\"text-decoration: underline;\"><strong>ICI<\/strong><\/span><\/a> <span style=\"color: #000000;\">dans la cat\u00e9gorie \u00ab\u00a0concerts pr\u00e9c\u00e9dents\u00a0\u00bb)<\/span><\/em><\/p>\n<p style=\"text-align: left;\" align=\"center\"><span style=\"color: #be093e;\"><strong>FORMATIONS ET PARTENARIATS<\/strong><\/span><br \/>\n<span style=\"color: #000000;\">Voix du Sud, Les rencontres d&rsquo;Astaffort (Francis Cabrel)<\/span><br \/>\n<span style=\"color: #000000;\">P\u00f4le Chanson R\u00e9gion Centre<\/span><\/p>\n<p><span style=\"color: #be093e;\"><strong>SALLES<\/strong><\/span><a href=\"https:\/\/www.piano-voix.com\/site\/wp-content\/uploads\/2014\/07\/accueil.jpg\"><img loading=\"lazy\" decoding=\"async\" class=\"size-full wp-image-43 alignright\" src=\"https:\/\/www.piano-voix.com\/site\/wp-content\/uploads\/2014\/07\/accueil.jpg\" alt=\"accueil\" width=\"376\" height=\"567\" srcset=\"https:\/\/www.piano-voix.com\/site\/wp-content\/uploads\/2014\/07\/accueil.jpg 376w, https:\/\/www.piano-voix.com\/site\/wp-content\/uploads\/2014\/07\/accueil-265x400.jpg 265w\" sizes=\"(max-width: 376px) 100vw, 376px\" \/><\/a><br \/>\n<span style=\"color: #000000;\">Les Bains Douches de Ligni\u00e8res (18)<\/span><br \/>\n<span style=\"color: #000000;\">La Boite \u00e0 Musique (Issoudun, 36)<\/span><br \/>\n<span style=\"color: #000000;\">Espace culturel d&rsquo;Avoine (37)<\/span><br \/>\n<span style=\"color: #000000;\">Th\u00e9\u00e2tre Darius Milhaud (Paris 19\u00e8me)Petit Journal de Montparnasse (Paris 15\u00e8me)<\/span><br \/>\n<span style=\"color: #000000;\">L&rsquo;usine Saint Denis (93)<\/span><br \/>\n<span style=\"color: #000000;\">Th\u00e9\u00e2tre de Besan\u00e7on<\/span><br \/>\n<span style=\"color: #000000;\">Espace Malraux (Jou\u00e9 les Tours, 37)<\/span><br \/>\n<span style=\"color: #000000;\">O\u00e9sia (Notre Dame d&rsquo;O\u00e9, 37)<\/span><br \/>\n<span style=\"color: #000000;\">Salle polyvalente des Halles (Tours, 37)<\/span><br \/>\n<span style=\"color: #000000;\">La Pl\u00e9iade (La Riche, 37)<\/span><br \/>\n<span style=\"color: #000000;\">Salle Ockeghem (Tours, 37)<\/span><br \/>\n<span style=\"color: #000000;\">Maison du peuple (Clermont-Ferrand, 63)<\/span><\/p>\n<p style=\"text-align: left;\" align=\"center\"><span style=\"color: #be093e;\"><strong>ASSOCIATIONS<\/strong><\/span><\/p>\n<p style=\"text-align: left;\" align=\"center\"><span style=\"color: #000000;\">Union Royale Belge de Gen\u00e8ve<\/span><br \/>\n<span style=\"color: #000000;\">FSALE (congr\u00e8s national des anciens de la l\u00e9gion \u00e9trang\u00e8re)<\/span><br \/>\n<span style=\"color: #000000;\">Lions Club \u00ab\u00a0Boussy les deux Moulins\u00a0\u00bb (91)<\/span><br \/>\n<span style=\"color: #000000;\">Maison de l&rsquo;Europe de Tours (37)<\/span><br \/>\n<span style=\"color: #000000;\">France Etats-Unis Touraine (Tours, 37)<\/span><br \/>\n<span style=\"color: #000000;\">Touraine sans fronti\u00e8res (Tours, 37)<\/span><br \/>\n<span style=\"color: #000000;\">Venture Club de France (Royat, 63)<\/span><br \/>\n<span style=\"color: #000000;\">Val de Braye Ev\u00e9nements (lavar\u00e9 72)<\/span><br \/>\n<span style=\"color: #000000;\">Comit\u00e9 de la Saint Jean (Patay, 45)<\/span><br \/>\n<span style=\"color: #000000;\">Cool Car 37 (Souvign\u00e9, 37)<\/span><br \/>\n<span style=\"color: #000000;\">Camping Car Club du Centre (Dry, 45)<\/span><br \/>\n<span style=\"color: #000000;\">Club d&rsquo;animation des Champs (Les Ponts de C\u00e9, 49)<\/span><br \/>\n<span style=\"color: #000000;\">Amicale des sapeurs Pompiers de Sermaises (45)<\/span><br \/>\n<span style=\"color: #000000;\">FCPE de Spay (72)<\/span><br \/>\n<span style=\"color: #000000;\">Association Ensemble (Mauriac, 15)<\/span><br \/>\n<span style=\"color: #000000;\">UNRPA de Meusnes (41)<\/span><br \/>\n<span style=\"color: #000000;\">UNRPA d&rsquo;Arnage (72)<\/span><br \/>\n<span style=\"color: #000000;\">Les nostalgiques (Jou\u00e9 les Tours, 37)<\/span><\/p>\n<p style=\"text-align: left;\" align=\"center\"><span style=\"color: #be093e;\"><strong>SOCI\u00c9T\u00c9S DE PRODUCTION ET \u00c9V\u00c9NEMENTIEL<\/strong><\/span><\/p>\n<p style=\"text-align: left;\" align=\"center\"><span style=\"color: #000000;\">Oasis Production (Saint Saturnin, 49)<\/span><br \/>\n<span style=\"color: #000000;\">Challenger (Ath\u00e9e sur Cher, 37)<\/span><br \/>\n<span style=\"color: #000000;\">ABET Production (Orl\u00e9ans, 45)<\/span><br \/>\n<span style=\"color: #000000;\">Art&rsquo;verne Productions (Clermont-Ferrand, 63)<\/span><\/p>\n<p style=\"text-align: left;\" align=\"center\"><span style=\"color: #be093e;\"><strong>RELAIS CHATEAUX, LOGIS DE FRANCE, HOTELS RESTAURANTS<\/strong><\/span><\/p>\n<p style=\"text-align: left;\" align=\"center\"><span style=\"color: #000000;\">Chateau d&rsquo;Ygrandes (03)<\/span><br \/>\n<span style=\"color: #000000;\">Logis de Brionne (Brionne, 27)<\/span><br \/>\n<span style=\"color: #000000;\">Hotel Kyriad de Saint Pierre des Corps (37)<\/span><br \/>\n<span style=\"color: #000000;\">Restaurant le Rejallant (Condac, 16)<\/span><br \/>\n<span style=\"color: #000000;\">Tarte julie (Tours, 37)<\/span><\/p>\n<\/div>\n<div style=\"text-align: left;\">\n<p align=\"left\"><span style=\"color: #be093e;\"><strong>CASINOS<\/strong><\/span><\/p>\n<p align=\"left\"><span style=\"color: #000000;\">Casino Partouche de Ch\u00e2tel-Guyon (63)<\/span><br \/>\n<span style=\"color: #000000;\">Casino de Noir\u00e9table (63)<\/span><br \/>\n<span style=\"color: #000000;\">Casino Partouche de Saint Nectaire (63)<\/span><\/p>\n<p align=\"left\"><span style=\"color: #be093e;\"><strong>COMIT\u00c9S D&rsquo;ENTREPRISE, SOCI\u00c9T\u00c9S<\/strong><\/span><\/p>\n<p align=\"left\"><span style=\"color: #000000;\">CE d&rsquo;OTIS (Poitiers, 86)<\/span><br \/>\n<span style=\"color: #000000;\">CE de l&rsquo;entreprise l&rsquo;Oiseau (Chambray les Tours, 37)<\/span><br \/>\n<span style=\"color: #000000;\">Soci\u00e9t\u00e9 ALTARES (Nanterre, 92)<\/span><\/p>\n<p align=\"left\"><span style=\"color: #be093e;\"><strong>COMMUNES<br \/>\nPour les services culturels, comit\u00e9s des f\u00eates, CCAS, comit\u00e9s de jumelage, etc\u2026<\/strong><\/span><\/p>\n<p align=\"left\"><span style=\"text-decoration: underline; color: #000000;\">Allier (03):<\/span><br \/>\n<span style=\"color: #000000;\">Gannat<\/span><\/p>\n<p align=\"left\"><span style=\"text-decoration: underline; color: #000000;\">Doubs (25):<\/span><br \/>\n<span style=\"color: #000000;\">Morteau<\/span><\/p>\n<p align=\"left\"><span style=\"text-decoration: underline; color: #000000;\">Ile et Vilaine (35):<\/span><br \/>\n<span style=\"color: #000000;\">La Gouesni\u00e8re<\/span><\/p>\n<p align=\"left\"><span style=\"text-decoration: underline; color: #000000;\">Indre (36):<\/span><br \/>\n<span style=\"color: #000000;\">Cuzion<\/span><br \/>\n<span style=\"color: #000000;\">Guilly<\/span><br \/>\n<span style=\"color: #000000;\">Pouligny notre dame<\/span><br \/>\n<span style=\"color: #000000;\">Sainte S\u00e9v\u00e8re<\/span><\/p>\n<p align=\"left\"><span style=\"text-decoration: underline; color: #000000;\">Indre et Loire (37):<\/span><br \/>\n<span style=\"color: #000000;\">Charg\u00e9<\/span><br \/>\n<span style=\"color: #000000;\">Jou\u00e9 les Tours<\/span><br \/>\n<span style=\"color: #000000;\">Montbazon<\/span><br \/>\n<span style=\"color: #000000;\">Monts<\/span><br \/>\n<span style=\"color: #000000;\">Morand<\/span><br \/>\n<span style=\"color: #000000;\">Neuill\u00e9 Pont Pierre<\/span><br \/>\n<span style=\"color: #000000;\">Veign\u00e9<\/span><\/p>\n<p align=\"left\"><span style=\"text-decoration: underline; color: #000000;\">Loir et Cher (41):<\/span><br \/>\n<span style=\"color: #000000;\">Cormeray<\/span><br \/>\n<span style=\"color: #000000;\">Dry<\/span><br \/>\n<span style=\"color: #000000;\">Mareaux aux Pr\u00e8s<\/span><br \/>\n<span style=\"color: #000000;\">Nouan le Fuzelier<\/span><br \/>\n<span style=\"color: #000000;\">Rilly sur loire<\/span><br \/>\n<span style=\"color: #000000;\">Seigy<\/span><br \/>\n<span style=\"color: #000000;\">Tour en Sologne<\/span><br \/>\n<span style=\"color: #000000;\">Troo<\/span><br \/>\n<span style=\"color: #000000;\">Valli\u00e8res les Grandes<\/span><\/p>\n<p align=\"left\"><span style=\"text-decoration: underline; color: #000000;\">Maine et Loire (49):<\/span><br \/>\n<span style=\"color: #000000;\">Angers<\/span><br \/>\n<span style=\"color: #000000;\">Beaucouz\u00e9<\/span><br \/>\n<span style=\"color: #000000;\">Saint Saturnin<\/span><\/p>\n<p align=\"left\"><span style=\"text-decoration: underline; color: #000000;\">Loiret (45):<\/span><br \/>\n<span style=\"color: #000000;\">Courtenay<\/span><br \/>\n<span style=\"color: #000000;\">Donnery<\/span><br \/>\n<span style=\"color: #000000;\">Fontenay sur Loing<\/span><\/p>\n<p align=\"left\"><span style=\"text-decoration: underline; color: #000000;\">Ni\u00e8vre (58):<\/span><br \/>\n<span style=\"color: #000000;\">Gu\u00e9rigny<\/span><\/p>\n<p align=\"left\"><span style=\"text-decoration: underline; color: #000000;\">Puy de D\u00f4me (63):<\/span><br \/>\n<span style=\"color: #000000;\">Romagnat<\/span><\/p>\n<p align=\"left\"><span style=\"text-decoration: underline; color: #000000;\">Vienne (86):<\/span><br \/>\n<span style=\"color: #000000;\">La Roche Posay<\/span><br \/>\n<span style=\"color: #000000;\">Montmorillon<\/span><br \/>\n<span style=\"color: #000000;\">La Chapelle Viviers<\/span><\/p>\n<p align=\"left\"><span style=\"color: #be093e;\"><strong>TOURISME VERT ET H\u00d4TELLERIE DE PLEIN AIR<\/strong><\/span><\/p>\n<p align=\"left\"><span style=\"color: #000000;\">Camping club V\u00e9r\u00e9bleu (Saint Georges d&rsquo;Ol\u00e9ron, 17)<\/span><br \/>\n<span style=\"color: #000000;\">Huttopia Senonches (28)<\/span><br \/>\n<span style=\"color: #000000;\">Le Val Fleuri (Cloye sur le Loir, 28)<\/span><br \/>\n<span style=\"color: #000000;\">Le petit Trianon (Ingrandes, 86)<\/span><br \/>\n<span style=\"color: #000000;\">Huttopia Rill\u00e9 (37)<\/span><br \/>\n<span style=\"color: #000000;\">Parc des Allais (Trogues, 37)<\/span><br \/>\n<span style=\"color: #000000;\">L&rsquo;Arada parc (Sonzay, 37)<\/span><br \/>\n<span style=\"color: #000000;\">Le Moulin Fort (Francueil, 37)<\/span><br \/>\n<span style=\"color: #000000;\">Les Cochards (Seigy, 41)<\/span><br \/>\n<span style=\"color: #000000;\">Hortus (Suly sur Loire, 45)<\/span><br \/>\n<span style=\"color: #000000;\">VILLAGE VACANCES VAL (Aigurande, 19)<\/span><br \/>\n<span style=\"color: #000000;\">Camping municipal de Gannat (03)<\/span><br \/>\n<span style=\"color: #000000;\">Camping les Chelles (Olliergues, 63)<\/span><br \/>\n<span style=\"color: #000000;\">Camping les Narcisses (Saint Cl\u00e9ment de Valorgue, 63)<\/span><\/p>\n<\/div>\n<div>\n<p style=\"text-align: left;\" align=\"left\"><span style=\"color: #be093e;\"><strong>SANITAIRE ET SOCIAL<\/strong><\/span><\/p>\n<p style=\"text-align: left;\" align=\"left\"><span style=\"color: #000000;\"><strong>Handicap<\/strong><\/span><\/p>\n<p style=\"text-align: left;\" align=\"left\"><span style=\"color: #000000;\">IME de Chinon (37)<\/span><br \/>\n<span style=\"color: #000000;\">Maison d&rsquo;accueil sp\u00e9cialis\u00e9e du Fief Joly (Niort, 79)<\/span><br \/>\n<span style=\"color: #000000;\">ADAPEI de Jou\u00e9 les Tours (37)<\/span><\/p>\n<p style=\"text-align: left;\" align=\"left\"><span style=\"color: #000000;\"><strong>Psychatrie<\/strong><\/span><\/p>\n<p style=\"text-align: left;\" align=\"left\"><span style=\"color: #000000;\">Service psychatrique de Vend\u00f4me (41)<\/span><br \/>\n<span style=\"color: #000000;\">Hopital de jour (psychiatrie) de Jou\u00e9 les Tours (37)<\/span><\/p>\n<p style=\"text-align: left;\" align=\"left\"><span style=\"color: #000000;\"><strong><span style=\"text-decoration: underline;\">Retraite<\/span><\/strong><\/span><\/p>\n<p style=\"text-align: left;\" align=\"left\"><span style=\"text-decoration: underline; color: #000000;\">Cher (18):<\/span><br \/>\n<span style=\"color: #000000;\">Maison de retraite les Roses d&rsquo;Argent (Argent sur Sauldre)<\/span><br \/>\n<span style=\"color: #000000;\">Centre hospitalier Taillegrain (Bourges)<\/span><br \/>\n<span style=\"color: #000000;\">Centre hospitalier Georges Sand (Bourges)<\/span><br \/>\n<span style=\"color: #000000;\">EHPAD de Gra\u00e7ay<\/span><br \/>\n<span style=\"color: #000000;\">Hopital local de Sancerre<\/span><br \/>\n<span style=\"color: #000000;\">CHU de Vierzon<\/span><\/p>\n<p style=\"text-align: left;\" align=\"center\"><span style=\"text-decoration: underline; color: #000000;\">Eure et Loir:<\/span><br \/>\n<span style=\"color: #000000;\">EHPAD les Coteaux Saint Martin (Gallardon)<\/span><br \/>\n<span style=\"color: #000000;\">EHPAD Les Gen\u00eats (Illiers Combray)<\/span><br \/>\n<span style=\"color: #000000;\">Maison de retraite les temps bleus (Nogent le Rotrou)<\/span><\/p>\n<p style=\"text-align: left;\" align=\"center\"><span style=\"text-decoration: underline; color: #000000;\">Indre (36):<\/span><br \/>\n<span style=\"color: #000000;\">Centre Hospitalier du Blanc<\/span><br \/>\n<span style=\"color: #000000;\">R\u00e9sidence Le Parc Balsan (Chateauroux)<\/span><br \/>\n<span style=\"color: #000000;\">Maison de retraite Taillebourg (Chateauroux)<\/span><br \/>\n<span style=\"color: #000000;\">Maison de retraite Georges Sand (Chateauroux)<\/span><br \/>\n<span style=\"color: #000000;\">Domitys le parc Balsan (Chateauroux)<\/span><br \/>\n<span style=\"color: #000000;\">R\u00e9sidence Les Floralies (Eguzon)<\/span><br \/>\n<span style=\"color: #000000;\">Maison de retraite Notre Dame du Sacr\u00e9 Coeur (Issoudun)<\/span><br \/>\n<span style=\"color: #000000;\">Hopital local de Levroux<\/span><br \/>\n<span style=\"color: #000000;\">Maison de retraite les Orchid\u00e9es (M\u00e9zi\u00e8re en Brenne)<\/span><br \/>\n<span style=\"color: #000000;\">EHPAD Saint Gaultier (Saint Gaultier)<\/span><br \/>\n<span style=\"color: #000000;\">Maison de retraite les trois rivi\u00e8res (Saint Maur)<\/span><\/p>\n<p style=\"text-align: left;\" align=\"left\"><span style=\"text-decoration: underline; color: #000000;\">Indre et Loire (37):<\/span><br \/>\n<span style=\"color: #000000;\">EHPAD le Grand Mail (Amboise)<\/span><br \/>\n<span style=\"color: #000000;\">EHPAD Ambroise Par\u00e9 (Amboise)<\/span><br \/>\n<span style=\"color: #000000;\">Foyer logement mutualiste (Chambray les Tours)<\/span><br \/>\n<span style=\"color: #000000;\">EHPAD de Chateau la Valli\u00e8re<\/span><br \/>\n<span style=\"color: #000000;\">EHPAD Balthazar Besnard (Ligueil)<\/span><br \/>\n<span style=\"color: #000000;\">Maison de retraite les jardins du Lys (Monnaie)<\/span><br \/>\n<span style=\"color: #000000;\">Foyer logement les Tuffeaux (Montlouis)<\/span><br \/>\n<span style=\"color: #000000;\">Maison de retraite la Vasseli\u00e8re (Monts)<\/span><br \/>\n<span style=\"color: #000000;\">R\u00e9sidence le Bocage Parc (Tours)<\/span><br \/>\n<span style=\"color: #000000;\">R\u00e9sidence service l&rsquo;Orangerie (Tours)<\/span><br \/>\n<span style=\"color: #000000;\">Maison de retraite le Clos (Vernou sur Brenne)<\/span><\/p>\n<p style=\"text-align: left;\" align=\"center\"><span style=\"text-decoration: underline; color: #000000;\">Loir et Cher (41):<\/span><br \/>\n<span style=\"color: #000000;\">Maison de retraite la croix du foix (Blois)<\/span><br \/>\n<span style=\"color: #000000;\">Maison de retraite Gaston d&rsquo;Orl\u00e9ans (Blois)<\/span><br \/>\n<span style=\"color: #000000;\">Maison de retraite Pimpeneau Oasis (Blois)<\/span><br \/>\n<span style=\"color: #000000;\">Maison de retraire Pimpeneau Orangerie (Blois)<\/span><br \/>\n<span style=\"color: #000000;\">Maison de retraite La Pin\u00e7onni\u00e8re le lac (Blois)<\/span><br \/>\n<span style=\"color: #000000;\">Maison de retraite La Pin\u00e7onni\u00e8re La for\u00eat (Blois)<\/span><br \/>\n<span style=\"color: #000000;\">Centre de g\u00e9rontologie et de soins de suite (Blois)<\/span><br \/>\n<span style=\"color: #000000;\">EHPAD la Favorite (Cour Cheverny)<\/span><br \/>\n<span style=\"color: #000000;\">R\u00e9sidence les cygnes (Drou\u00e9)<\/span><br \/>\n<span style=\"color: #000000;\">EHPAD Villecante (Dry)<\/span><br \/>\n<span style=\"color: #000000;\">Maison de retraite Villa des Fleurs (Neung Sur Beuvron)<\/span><br \/>\n<span style=\"color: #000000;\">Hopital local de Montrichard<\/span><br \/>\n<span style=\"color: #000000;\">Maison de retraite les \u00e9pis d&rsquo;or (Ouzouer le March\u00e9)<\/span><br \/>\n<span style=\"color: #000000;\">Hopital local de Saint Aignan<\/span><br \/>\n<span style=\"color: #000000;\">R\u00e9sidence douce France (Savigny sur Braye)<\/span><br \/>\n<span style=\"color: #000000;\">Hopital local de Selle sur Cher<\/span><br \/>\n<span style=\"color: #000000;\">Centre Hospitalier de Vend\u00f4me, long s\u00e9jour<\/span><\/p>\n<p style=\"text-align: left;\" align=\"left\"><span style=\"text-decoration: underline; color: #000000;\">Loiret (45):<\/span><br \/>\n<span style=\"color: #000000;\">Maison de retraite les jardins de la Loire (Bonny sur Loire)<\/span><br \/>\n<span style=\"color: #000000;\">EHPAD la Vrilli\u00e8re (Chateauneuf sur Loire)<\/span><br \/>\n<span style=\"color: #000000;\">EHPAD Dumain (Faye aux Loges)<\/span><br \/>\n<span style=\"color: #000000;\">CHU de Gien<\/span><br \/>\n<span style=\"color: #000000;\">Maison de retraite de La Motte (Olivet)<\/span><\/p>\n<p style=\"text-align: left;\" align=\"left\"><span style=\"text-decoration: underline; color: #000000;\">Maine et Loire (49)<\/span><br \/>\n<span style=\"color: #000000;\">EHPAD Gaston Birg\u00e9 (Angers)<\/span><br \/>\n<span style=\"color: #000000;\">Hopital local Saint Nicolas (Angers)<\/span><br \/>\n<span style=\"color: #000000;\">Maison de retraite Emera Le Lac de Maine (Bouchemaine)<\/span><br \/>\n<span style=\"color: #000000;\">Hopital de Cholet, soin de suite<\/span><br \/>\n<span style=\"color: #000000;\">R\u00e9sidence La Perri\u00e8re (Juign\u00e9 sur Loire)<\/span><br \/>\n<span style=\"color: #000000;\">Foyer Logement Les Champs Fleuris (Les Ponts de C\u00e9)<\/span><br \/>\n<span style=\"color: #000000;\">Maison de retraite de Saint Georges sur Loire<\/span><br \/>\n<span style=\"color: #000000;\">Centre Hospitalier de Saumur<\/span><br \/>\n<span style=\"color: #000000;\">Maison de retraite de La Tessoualle<\/span><\/p>\n<p style=\"text-align: left;\" align=\"left\"><span style=\"text-decoration: underline; color: #000000;\">Mayenne (53):<\/span><br \/>\n<span style=\"color: #000000;\">Hopital local d&rsquo;Ern\u00e9e<\/span><br \/>\n<span style=\"color: #000000;\">R\u00e9sidence Saint Laurent (Gorron)<\/span><br \/>\n<span style=\"color: #000000;\">EHPAD r\u00e9sidence Bellevue (Saint Denis de Gastines)<\/span><\/p>\n<p style=\"text-align: left;\" align=\"left\"><span style=\"text-decoration: underline; color: #000000;\">Orne (61):<\/span><br \/>\n<span style=\"color: #000000;\">Hopital local de Bell\u00eame<\/span><br \/>\n<span style=\"color: #000000;\">Hopital local de S\u00e9e<\/span><\/p>\n<p style=\"text-align: left;\" align=\"left\"><span style=\"text-decoration: underline; color: #000000;\">Sarthe (72):<\/span><br \/>\n<span style=\"color: #000000;\">Maison de retraite Joachim du Bellay (Ch\u00e2teau du Loir)<\/span><br \/>\n<span style=\"color: #000000;\">Maison de retraite Eug\u00e8ne Anjaleu (Le Grand Luc\u00e9)<\/span><br \/>\n<span style=\"color: #000000;\">R\u00e9sidence retraite Emera B\u00e9rang\u00e8re (Le Mans)<\/span><br \/>\n<span style=\"color: #000000;\">Korian Pontlieue (Le Mans)<\/span><br \/>\n<span style=\"color: #000000;\">Maison de retraite de Montfort le gesnois<\/span><br \/>\n<span style=\"color: #000000;\">R\u00e9sidence les Aulnes (Sabl\u00e9 sur Sarthe)<\/span><br \/>\n<span style=\"color: #000000;\">Maison de retraite de Tennie<\/span><\/p>\n<p style=\"text-align: left;\" align=\"left\"><span style=\"text-decoration: underline; color: #000000;\">Deux S\u00e8vres (79):<\/span><br \/>\n<span style=\"color: #000000;\">Maison de retraite Allonneau (Bressuire)<\/span><br \/>\n<span style=\"color: #000000;\">Maison de retraite les Magnolias (Moncoutant)<\/span><br \/>\n<span style=\"color: #000000;\">ORPEA les jardins de Jeanne (Vouill\u00e9,)<\/span><\/p>\n<p style=\"text-align: left;\" align=\"left\"><span style=\"text-decoration: underline; color: #000000;\">Vienne (86):<\/span><br \/>\n<span style=\"color: #000000;\">R\u00e9sidence Le Pontreau (L&rsquo;Encloitre)<\/span><br \/>\n<span style=\"color: #000000;\">Maison de retraite de l&rsquo;Echeveau (Saint Gervais les trois clochers,)<\/span><\/p>\n<\/div>\n","protected":false},"excerpt":{"rendered":"<p>(R\u00e9f\u00e9rences post\u00e9rieures \u00e0 septembre 2017: c&rsquo;est ICI dans la cat\u00e9gorie \u00ab\u00a0concerts pr\u00e9c\u00e9dents\u00a0\u00bb) FORMATIONS ET PARTENARIATS Voix du Sud, Les rencontres d&rsquo;Astaffort (Francis Cabrel) P\u00f4le Chanson R\u00e9gion Centre SALLES Les Bains Douches de Ligni\u00e8res (18) La&#8230;<\/p>\n<p>\t<a href=\"https:\/\/www.piano-voix.com\/site\/references\/\" class=\"more-link\">Read more<\/a><\/p>\n","protected":false},"author":1,"featured_media":0,"parent":0,"menu_order":0,"comment_status":"closed","ping_status":"closed","template":"","meta":{"footnotes":""},"class_list":["post-32","page","type-page","status-publish","hentry"],"_links":{"self":[{"href":"https:\/\/www.piano-voix.com\/site\/wp-json\/wp\/v2\/pages\/32"}],"collection":[{"href":"https:\/\/www.piano-voix.com\/site\/wp-json\/wp\/v2\/pages"}],"about":[{"href":"https:\/\/www.piano-voix.com\/site\/wp-json\/wp\/v2\/types\/page"}],"author":[{"embeddable":true,"href":"https:\/\/www.piano-voix.com\/site\/wp-json\/wp\/v2\/users\/1"}],"replies":[{"embeddable":true,"href":"https:\/\/www.piano-voix.com\/site\/wp-json\/wp\/v2\/comments?post=32"}],"version-history":[{"count":12,"href":"https:\/\/www.piano-voix.com\/site\/wp-json\/wp\/v2\/pages\/32\/revisions"}],"predecessor-version":[{"id":935,"href":"https:\/\/www.piano-voix.com\/site\/wp-json\/wp\/v2\/pages\/32\/revisions\/935"}],"wp:attachment":[{"href":"https:\/\/www.piano-voix.com\/site\/wp-json\/wp\/v2\/media?parent=32"}],"curies":[{"name":"wp","href":"https:\/\/api.w.org\/{rel}","templated":true}]}}