
{"id":784,"date":"2020-08-29T20:53:42","date_gmt":"2020-08-29T19:53:42","guid":{"rendered":"http:\/\/www.piano-voix.com\/site\/?page_id=784"},"modified":"2025-09-02T15:39:26","modified_gmt":"2025-09-02T14:39:26","slug":"prestations-seniors","status":"publish","type":"page","link":"https:\/\/www.piano-voix.com\/site\/prestations-seniors\/","title":{"rendered":"Prestations seniors"},"content":{"rendered":"<h2 class=\"p3\"><span style=\"color: #000000;\"><strong><span class=\"s2\">LA BOITE \u00c0 REVES (chansons ann\u00e9es 60-70)<\/span><\/strong><\/span><\/h2>\n<p class=\"p4\"><span class=\"s2\" style=\"color: #000000;\">\u00ab\u00a0LA BO\u00ceTE \u00c0 R\u00caVES\u00a0\u00bb EST UN SPECTACLE MUSICAL QUI NOUS RAMENE \u00c0 LA DOUCEUR ET AU GRAIN DE FOLIE DES ANNEES 60-70 \u00c0 TRAVERS LES PLUS BELLES CHANSONS DE CETTE EPOQUE.<\/span><\/p>\n<p class=\"p2\"><span style=\"color: #000000;\"><em><span class=\"s2\"><b>\u00ab\u00a0La bo\u00eete \u00e0 r\u00eaves nous emm\u00e8nera alors dans un grand voyage au coeur de nos imaginaires, un p\u00e9riple hau<\/b><\/span><span class=\"s2\"><b>t en couleurs et en souvenirs, \u00e0 travers le monde entier, \u00e0 travers les \u00e2ges et les \u00e9poques.\u00a0\u00bb<\/b><\/span><\/em><\/span><\/p>\n<p class=\"p2\"><span class=\"s4\" style=\"color: #000000;\"><i>Spectacle costum\u00e9, piano guitare voix.<\/i><\/span><\/p>\n<p><span style=\"color: #000000;\"><u>Dur\u00e9e<\/u> : 1h15-1h30<\/span><\/p>\n<p><span style=\"color: #000000;\"><strong><span style=\"text-decoration: underline;\">R\u00e9pertoire:<\/span> <\/strong><\/span><\/p>\n<p><span style=\"color: #000000;\">Emmenez-moi<\/span><br \/><span style=\"color: #000000;\">La boh\u00e8me<\/span><br \/><span style=\"color: #000000;\">Femmes femmes femmes<\/span><br \/><span style=\"color: #000000;\">Champs Elys\u00e9es<\/span><br \/><span style=\"color: #000000;\">Travailler c&rsquo;est trop dur<\/span><br \/><span style=\"color: #000000;\">Le lundi au soleil<\/span><br \/><span style=\"color: #000000;\">Je t&rsquo;aime \u00e0 l&rsquo;italienne<\/span><br \/><span style=\"color: #000000;\">Femme lib\u00e9r\u00e9e<\/span><br \/><span style=\"color: #000000;\">Siffler sur la colline<\/span><br \/><span style=\"color: #000000;\">La maladie d&rsquo;amour<\/span><br \/><span style=\"color: #000000;\">Isi bikini<\/span><br \/><span style=\"color: #000000;\">L&rsquo;Am\u00e9rique<\/span><br \/><span style=\"color: #000000;\">San Francisco<\/span><br \/><span style=\"color: #000000;\">Comme un gar\u00e7on<\/span><br \/><span style=\"color: #000000;\">C\u00e9line<\/span><br \/><span style=\"color: #000000;\">Vous permettez Monsieur<\/span><br \/><span style=\"color: #000000;\">L&rsquo;eau vive<\/span><br \/><span style=\"color: #000000;\">Etc&#8230;<\/span><\/p>\n<p><span style=\"text-decoration: underline; color: #000000;\"><em>Un mix avec des chansons d&rsquo;Antan est \u00e9galement possible sur demande.<\/em><\/span><\/p>\n<p><span style=\"color: #000000;\"><a style=\"color: #000000;\" href=\"https:\/\/www.piano-voix.com\/site\/wp-content\/uploads\/2024\/10\/titre-boite4-1.jpg\"><img loading=\"lazy\" decoding=\"async\" class=\"aligncenter wp-image-1005 size-full\" src=\"https:\/\/www.piano-voix.com\/site\/wp-content\/uploads\/2024\/10\/titre-boite4-1.jpg\" alt=\"\" width=\"1181\" height=\"540\" srcset=\"https:\/\/www.piano-voix.com\/site\/wp-content\/uploads\/2024\/10\/titre-boite4-1.jpg 1181w, https:\/\/www.piano-voix.com\/site\/wp-content\/uploads\/2024\/10\/titre-boite4-1-600x274.jpg 600w, https:\/\/www.piano-voix.com\/site\/wp-content\/uploads\/2024\/10\/titre-boite4-1-625x286.jpg 625w, https:\/\/www.piano-voix.com\/site\/wp-content\/uploads\/2024\/10\/titre-boite4-1-768x351.jpg 768w, https:\/\/www.piano-voix.com\/site\/wp-content\/uploads\/2024\/10\/titre-boite4-1-570x261.jpg 570w\" sizes=\"(max-width: 1181px) 100vw, 1181px\" \/><\/a><\/span><\/p>\n<h2><span style=\"color: #000000;\"><strong><span class=\"s2\">SPECTACLE CHANSONS D ANTAN<\/span><\/strong><\/span><\/h2>\n<table cellspacing=\"0\" cellpadding=\"0\">\n<tbody>\n<tr>\n<td class=\"td1\" valign=\"middle\">\n<p class=\"p7\"><span class=\"s2\" style=\"color: #000000;\"><b>Chansons des ann\u00e9es 30 aux ann\u00e9es 60 (Frehel, Damia, Piaf, etc\u2026), piano guitare accord\u00e9on.<\/b><\/span><\/p>\n<p class=\"p7\"><span class=\"s2\" style=\"color: #000000;\">Au cours de ce spectacle, j\u2019emm\u00e8nerai le public \u00e0 la rencontre de Julot, et Nana, du d\u00e9nicheur, de Marinella, (spectacle costum\u00e9).<\/span><\/p>\n<p class=\"p7\"><span class=\"s2\" style=\"color: #000000;\">Nous voyagerons \u00e0 travers les \u00e2ges, jusqu\u2019en 1980 ou finit notre histoire.<\/span><\/p>\n<p class=\"p7\"><span class=\"s2\" style=\"color: #000000;\">Les spectateurs pourront ainsi reprendre avec moi ces refrains d\u2019antan tout en se laissant porter d\u2019un lieu \u00e0 l \u2018autre (du petit village campagnard de Saint-Jean au Paris d\u2019Hoffmann, de la Polyn\u00e9sie Fran\u00e7aise \u00e0 l\u2019Italie, etc\u2026)<\/span><\/p>\n<p class=\"p7\"><span style=\"color: #000000;\"><span class=\"s4\"><span style=\"text-decoration: underline;\">Dur\u00e9e<\/span>:\u00a0<\/span><span class=\"s4\">de 1h15<\/span><\/span><\/p>\n<p><span style=\"color: #000000;\"><strong><span style=\"text-decoration: underline;\">R\u00e9pertoire:<\/span><\/strong><\/span><\/p>\n<p><span style=\"color: #000000;\">C&rsquo;est un mauvais gar\u00e7on<\/span><br \/><span style=\"color: #000000;\">La romance de Paris<\/span><br \/><span style=\"color: #000000;\">Mon amant de Saint Jean<\/span><br \/><span style=\"color: #000000;\">La Java bleue<\/span><br \/><span style=\"color: #000000;\">Une partie de p\u00e9tanque<\/span><br \/><span style=\"color: #000000;\">Marinella<\/span><br \/><span style=\"color: #000000;\">Le plus beau de tous les tangos du monde<\/span><br \/><span style=\"color: #000000;\">Salade de fruits<\/span><br \/><span style=\"color: #000000;\">Tant qu&rsquo;il y aura des \u00e9toiles<\/span><br \/><span style=\"color: #000000;\">Etc&#8230;<\/span><\/p>\n<p><span style=\"color: #000000;\"><a style=\"color: #000000;\" href=\"https:\/\/www.piano-voix.com\/site\/wp-content\/uploads\/2024\/10\/photo1site.jpg\"><img loading=\"lazy\" decoding=\"async\" class=\"aligncenter wp-image-1006 \" src=\"https:\/\/www.piano-voix.com\/site\/wp-content\/uploads\/2024\/10\/photo1site.jpg\" alt=\"\" width=\"631\" height=\"440\" srcset=\"https:\/\/www.piano-voix.com\/site\/wp-content\/uploads\/2024\/10\/photo1site.jpg 886w, https:\/\/www.piano-voix.com\/site\/wp-content\/uploads\/2024\/10\/photo1site-573x400.jpg 573w, https:\/\/www.piano-voix.com\/site\/wp-content\/uploads\/2024\/10\/photo1site-625x436.jpg 625w, https:\/\/www.piano-voix.com\/site\/wp-content\/uploads\/2024\/10\/photo1site-768x536.jpg 768w, https:\/\/www.piano-voix.com\/site\/wp-content\/uploads\/2024\/10\/photo1site-570x398.jpg 570w\" sizes=\"(max-width: 631px) 100vw, 631px\" \/><\/a><\/span><\/p>\n<h2><span style=\"color: #000000;\">LES PETITS BONHEURS<\/span><\/h2>\n<p><span style=\"font-family: Palatino, 'Palatino Linotype', 'Palatino LT STD', 'Book Antiqua', Georgia, serif; color: #000000;\">Les chansons que j&rsquo;interpr\u00e8te dans ce spectacle relatent tous les bonheurs simples qui ont rythm\u00e9 les jeunes ann\u00e9es de nos anciens, les balades dans la nature, les parties de p\u00e9tanque, les f\u00eates entre amis, qui savaient rendre leurs quotidiens plus l\u00e9gers malgr\u00e9 des conditions de vie et des conditions de travail plus que rudes pour la plupart d&rsquo;entre eux.\u00a0<\/span><\/p>\n<p><span style=\"font-family: Palatino, 'Palatino Linotype', 'Palatino LT STD', 'Book Antiqua', Georgia, serif; color: #000000;\">Nous nous rappellerons avec eux en musique les essentiels de l&rsquo;existence, l&rsquo;amiti\u00e9, la solidarit\u00e9, l&rsquo;entraide, les \u00e9clats de rire et les petits plaisirs glan\u00e9s le long du chemin, des r\u00e9cits qui font du bien \u00e0 tout le monde dans cette \u00e9poque o\u00f9 on se questionne tous beaucoup sur le bonheur et la place du lien humain dans notre quotidien.\u00a0<\/span><\/p>\n<p><span style=\"font-family: Palatino, 'Palatino Linotype', 'Palatino LT STD', 'Book Antiqua', Georgia, serif; color: #000000;\"><u>Dur\u00e9e<\/u> : 1h15<\/span><\/p>\n<p><span style=\"color: #000000;\"><span style=\"font-family: Palatino, 'Palatino Linotype', 'Palatino LT STD', 'Book Antiqua', Georgia, serif;\">Chansons interpr\u00e9t\u00e9es au piano, \u00e0 la guitare et \u00e0 l&rsquo;accord\u00e9on. Le spectacle est agr\u00e9ment\u00e9 de quelques \u00e9l\u00e9ments de d\u00e9cor et accessoires vestimentaires. De grandes affiches en fond de sc\u00e8ne illustrent chaque tableau du spectacle (peintures impressionnistes et photos en lien avec les chansons)<\/span><\/span><\/p>\n<p><span style=\"color: #000000;\"><strong><span style=\"font-family: Palatino, 'Palatino Linotype', 'Palatino LT STD', 'Book Antiqua', Georgia, serif;\"><u>R\u00e9pertoire (Ann\u00e9es 60-70 + quelques classiques)<\/u><\/span><\/strong><\/span><\/p>\n<p><span style=\"color: #000000;\"><span style=\"font-family: Palatino, 'Palatino Linotype', 'Palatino LT STD', 'Book Antiqua', Georgia, serif;\">Ce petit chemin (Mireille)<\/span><strong><span style=\"font-family: Palatino, 'Palatino Linotype', 'Palatino LT STD', 'Book Antiqua', Georgia, serif;\"><br \/><\/span><\/strong><span style=\"font-family: Palatino, 'Palatino Linotype', 'Palatino LT STD', 'Book Antiqua', Georgia, serif;\">La bicyclette (Y. Montant)<\/span><span style=\"font-family: Palatino, 'Palatino Linotype', 'Palatino LT STD', 'Book Antiqua', Georgia, serif;\"><br \/>Le travail c&rsquo;est la sant\u00e9 (H. Salvador)<br \/>Merci patron (Les Charlots)<br \/>Les vendanges de l&rsquo;amour (M. Lafor\u00eat)<br \/>Avoir un bon copain (H. Garat)<br \/>Les petits pains au chocolat (J. Dassin)<br \/>Quand on se prom\u00e8ne au bord de l&rsquo;eau (J. Gabin)<br \/>Une partie de p\u00e9tanque (Darcelys)<br \/>Les march\u00e9s de Provence (G. B\u00e9caud)<br \/>Les cornichons (N. Ferrer)<br \/>Les com\u00e9diens (C. Aznavour)<br \/>La java bleue (Fr\u00e9hel)<br \/>Le bal de la marine (F. Deguelt)<br \/>La derni\u00e8re s\u00e9ance (E. Mitchel)<br \/>Le t\u00e9l\u00e9fon (N. Ferrer)<br \/>La madrague (B. Bardot)<br \/>Harley Davidson (B. Bardot)<br \/>\u00c2ge tendre et t\u00eates de bois (G. B\u00e9caud)<br \/>Et moi et moi et moi (J. Dutronc)<br \/>Enfants de tous pays (E. Ma\u00e7ias)<br \/>Si tous les gars du monde (Les compagnons de la chanson)<br \/>L&rsquo;Auvergnat (G. Brassens)<br \/>Tant qu&rsquo;il y aura des \u00e9toiles (Tino Rossi)<\/span><\/span><\/p>\n<p><span style=\"color: #000000;\"><a style=\"color: #000000;\" href=\"https:\/\/www.piano-voix.com\/site\/wp-content\/uploads\/2024\/10\/retraite.jpg\"><img loading=\"lazy\" decoding=\"async\" class=\"aligncenter wp-image-1010 size-full\" src=\"https:\/\/www.piano-voix.com\/site\/wp-content\/uploads\/2024\/10\/retraite.jpg\" alt=\"\" width=\"993\" height=\"658\" srcset=\"https:\/\/www.piano-voix.com\/site\/wp-content\/uploads\/2024\/10\/retraite.jpg 993w, https:\/\/www.piano-voix.com\/site\/wp-content\/uploads\/2024\/10\/retraite-600x398.jpg 600w, https:\/\/www.piano-voix.com\/site\/wp-content\/uploads\/2024\/10\/retraite-625x414.jpg 625w, https:\/\/www.piano-voix.com\/site\/wp-content\/uploads\/2024\/10\/retraite-768x509.jpg 768w, https:\/\/www.piano-voix.com\/site\/wp-content\/uploads\/2024\/10\/retraite-570x378.jpg 570w\" sizes=\"(max-width: 993px) 100vw, 993px\" \/><\/a><\/span><\/p>\n<\/td>\n<\/tr>\n<\/tbody>\n<\/table>\n<h2 class=\"p3\"><span style=\"color: #000000;\"><strong>AN<\/strong><strong>IMATION PIANO-VOIX AMBULANTE<\/strong><\/span><\/h2>\n<p class=\"p3\"><span style=\"color: #000000;\">Formule piano-voix all\u00e9g\u00e9e mobile avec un clavier autonome sur batterie, qui me permet de passer de service en service ou de chambre en chambre sans installation et d\u00e9sinstallation.<\/span><\/p>\n<p><span style=\"color: #000000;\"><a href=\"https:\/\/www.piano-voix.com\/site\/wp-content\/uploads\/2024\/10\/formule-ambulantefinal2.jpg\"><img loading=\"lazy\" decoding=\"async\" class=\"aligncenter wp-image-1011 size-full\" src=\"https:\/\/www.piano-voix.com\/site\/wp-content\/uploads\/2024\/10\/formule-ambulantefinal2.jpg\" alt=\"\" width=\"886\" height=\"793\" srcset=\"https:\/\/www.piano-voix.com\/site\/wp-content\/uploads\/2024\/10\/formule-ambulantefinal2.jpg 886w, https:\/\/www.piano-voix.com\/site\/wp-content\/uploads\/2024\/10\/formule-ambulantefinal2-447x400.jpg 447w, https:\/\/www.piano-voix.com\/site\/wp-content\/uploads\/2024\/10\/formule-ambulantefinal2-625x559.jpg 625w, https:\/\/www.piano-voix.com\/site\/wp-content\/uploads\/2024\/10\/formule-ambulantefinal2-768x687.jpg 768w\" sizes=\"(max-width: 886px) 100vw, 886px\" \/><\/a><\/span><\/p>\n<h2 class=\"p8\"><span style=\"color: #000000;\"><strong><span class=\"s2\">RE<\/span><\/strong><strong><span class=\"s2\">PAS EN CHANSON<\/span><\/strong><\/span><\/h2>\n<p class=\"p9\"><span class=\"s2\" style=\"color: #000000;\">Animation musicale de vos repas festifs, pr\u00e9sent\u00e9e sous forme de sets de 3\/4 d\u2019heure, r\u00e9partis sur toute la dur\u00e9e du repas en fonction de l\u2019arriv\u00e9e des plats.<\/span><\/p>\n\n\n<p><\/p>\n","protected":false},"excerpt":{"rendered":"<p>LA BOITE \u00c0 REVES (chansons ann\u00e9es 60-70) \u00ab\u00a0LA BO\u00ceTE \u00c0 R\u00caVES\u00a0\u00bb EST UN SPECTACLE MUSICAL QUI NOUS RAMENE \u00c0 LA DOUCEUR ET AU GRAIN DE FOLIE DES ANNEES 60-70 \u00c0 TRAVERS LES PLUS BELLES CHANSONS&#8230;<\/p>\n<p>\t<a href=\"https:\/\/www.piano-voix.com\/site\/prestations-seniors\/\" class=\"more-link\">Read more<\/a><\/p>\n","protected":false},"author":1,"featured_media":0,"parent":0,"menu_order":0,"comment_status":"closed","ping_status":"closed","template":"","meta":{"footnotes":""},"class_list":["post-784","page","type-page","status-publish","hentry"],"_links":{"self":[{"href":"https:\/\/www.piano-voix.com\/site\/wp-json\/wp\/v2\/pages\/784"}],"collection":[{"href":"https:\/\/www.piano-voix.com\/site\/wp-json\/wp\/v2\/pages"}],"about":[{"href":"https:\/\/www.piano-voix.com\/site\/wp-json\/wp\/v2\/types\/page"}],"author":[{"embeddable":true,"href":"https:\/\/www.piano-voix.com\/site\/wp-json\/wp\/v2\/users\/1"}],"replies":[{"embeddable":true,"href":"https:\/\/www.piano-voix.com\/site\/wp-json\/wp\/v2\/comments?post=784"}],"version-history":[{"count":31,"href":"https:\/\/www.piano-voix.com\/site\/wp-json\/wp\/v2\/pages\/784\/revisions"}],"predecessor-version":[{"id":1046,"href":"https:\/\/www.piano-voix.com\/site\/wp-json\/wp\/v2\/pages\/784\/revisions\/1046"}],"wp:attachment":[{"href":"https:\/\/www.piano-voix.com\/site\/wp-json\/wp\/v2\/media?parent=784"}],"curies":[{"name":"wp","href":"https:\/\/api.w.org\/{rel}","templated":true}]}}