
{"id":942,"date":"2024-10-24T17:33:03","date_gmt":"2024-10-24T16:33:03","guid":{"rendered":"https:\/\/www.piano-voix.com\/site\/home\/"},"modified":"2024-10-24T18:56:36","modified_gmt":"2024-10-24T17:56:36","slug":"home","status":"publish","type":"page","link":"https:\/\/www.piano-voix.com\/site\/","title":{"rendered":"ACCUEIL"},"content":{"rendered":"\n<h2 class=\"wp-block-heading has-text-align-center has-large-font-size\">CHANSON FRAN\u00c7AISE<\/h2>\n\n\n\n<h2 class=\"wp-block-heading has-text-align-center has-large-font-size\">Concerts et animations<\/h2>\n\n\n\n<p class=\"has-black-color has-text-color has-link-color has-medium-font-size wp-elements-d7367d193d0755b823446cb451135f94\">Prestations <strong>solo<\/strong> piano guitare voix,<br>ou <strong>duo<\/strong> avec S\u00e9verin Vali\u00e8re, percussionniste guitariste.<\/p>\n\n\n\n<figure class=\"wp-block-gallery has-nested-images columns-default is-cropped wp-block-gallery-1 is-layout-flex wp-block-gallery-is-layout-flex\">\n<figure class=\"wp-block-image size-large\"><a href=\"https:\/\/www.piano-voix.com\/site\/wp-content\/uploads\/2024\/10\/Carine-ACHARD-BD-RGB-1-scaled.jpg\"><img loading=\"lazy\" decoding=\"async\" width=\"625\" height=\"417\" data-id=\"959\" src=\"https:\/\/www.piano-voix.com\/site\/wp-content\/uploads\/2024\/10\/Carine-ACHARD-BD-RGB-1-625x417.jpg\" alt=\"\" class=\"wp-image-959\" srcset=\"https:\/\/www.piano-voix.com\/site\/wp-content\/uploads\/2024\/10\/Carine-ACHARD-BD-RGB-1-625x417.jpg 625w, https:\/\/www.piano-voix.com\/site\/wp-content\/uploads\/2024\/10\/Carine-ACHARD-BD-RGB-1-600x400.jpg 600w, https:\/\/www.piano-voix.com\/site\/wp-content\/uploads\/2024\/10\/Carine-ACHARD-BD-RGB-1-768x512.jpg 768w, https:\/\/www.piano-voix.com\/site\/wp-content\/uploads\/2024\/10\/Carine-ACHARD-BD-RGB-1-1536x1024.jpg 1536w, https:\/\/www.piano-voix.com\/site\/wp-content\/uploads\/2024\/10\/Carine-ACHARD-BD-RGB-1-2048x1365.jpg 2048w, https:\/\/www.piano-voix.com\/site\/wp-content\/uploads\/2024\/10\/Carine-ACHARD-BD-RGB-1-570x380.jpg 570w\" sizes=\"(max-width: 625px) 100vw, 625px\" \/><\/a><\/figure>\n<\/figure>\n\n\n\n<p><\/p>\n","protected":false},"excerpt":{"rendered":"<p>CHANSON FRAN\u00c7AISE Concerts et animations Prestations solo piano guitare voix,ou duo avec S\u00e9verin Vali\u00e8re, percussionniste guitariste.<\/p>\n","protected":false},"author":1,"featured_media":0,"parent":0,"menu_order":0,"comment_status":"closed","ping_status":"closed","template":"template-home-fullwidth.php","meta":{"footnotes":""},"class_list":["post-942","page","type-page","status-publish","hentry"],"_links":{"self":[{"href":"https:\/\/www.piano-voix.com\/site\/wp-json\/wp\/v2\/pages\/942"}],"collection":[{"href":"https:\/\/www.piano-voix.com\/site\/wp-json\/wp\/v2\/pages"}],"about":[{"href":"https:\/\/www.piano-voix.com\/site\/wp-json\/wp\/v2\/types\/page"}],"author":[{"embeddable":true,"href":"https:\/\/www.piano-voix.com\/site\/wp-json\/wp\/v2\/users\/1"}],"replies":[{"embeddable":true,"href":"https:\/\/www.piano-voix.com\/site\/wp-json\/wp\/v2\/comments?post=942"}],"version-history":[{"count":11,"href":"https:\/\/www.piano-voix.com\/site\/wp-json\/wp\/v2\/pages\/942\/revisions"}],"predecessor-version":[{"id":968,"href":"https:\/\/www.piano-voix.com\/site\/wp-json\/wp\/v2\/pages\/942\/revisions\/968"}],"wp:attachment":[{"href":"https:\/\/www.piano-voix.com\/site\/wp-json\/wp\/v2\/media?parent=942"}],"curies":[{"name":"wp","href":"https:\/\/api.w.org\/{rel}","templated":true}]}}